{"id":6715,"date":"2024-02-09T10:42:29","date_gmt":"2024-02-09T09:42:29","guid":{"rendered":"https:\/\/www.aerodrome-paray.fr\/blog\/?page_id=6715"},"modified":"2026-04-23T16:11:47","modified_gmt":"2026-04-23T14:11:47","slug":"traine-queue-2024","status":"publish","type":"page","link":"https:\/\/www.aerodrome-paray.fr\/blog\/traine-queue-2024\/","title":{"rendered":"Tra\u00eene-Queue 2026"},"content":{"rendered":"\t\t<div data-elementor-type=\"wp-page\" data-elementor-id=\"6715\" class=\"elementor elementor-6715\" data-elementor-post-type=\"page\">\n\t\t\t\t\t\t<section class=\"elementor-section elementor-top-section elementor-element elementor-element-c6f61dd elementor-section-content-middle elementor-section-boxed elementor-section-height-default elementor-section-height-default\" data-id=\"c6f61dd\" data-element_type=\"section\" data-e-type=\"section\" data-settings=\"{&quot;background_background&quot;:&quot;classic&quot;}\">\n\t\t\t\t\t\t<div class=\"elementor-container elementor-column-gap-default\">\n\t\t\t\t\t<div class=\"elementor-column elementor-col-50 elementor-top-column elementor-element elementor-element-e70d71b\" data-id=\"e70d71b\" data-element_type=\"column\" data-e-type=\"column\">\n\t\t\t<div class=\"elementor-widget-wrap elementor-element-populated\">\n\t\t\t\t\t\t<div class=\"elementor-element elementor-element-22236c7 elementor-widget elementor-widget-image\" data-id=\"22236c7\" data-element_type=\"widget\" data-e-type=\"widget\" data-widget_type=\"image.default\">\n\t\t\t\t<div class=\"elementor-widget-container\">\n\t\t\t\t\t\t\t\t\t\t\t\t\t\t\t<img fetchpriority=\"high\" decoding=\"async\" width=\"730\" height=\"1024\" src=\"https:\/\/www.aerodrome-paray.fr\/blog\/wp-content\/uploads\/AFF-TQ-730x1024.jpg\" class=\"attachment-large size-large wp-image-7869\" alt=\"\" srcset=\"https:\/\/www.aerodrome-paray.fr\/blog\/wp-content\/uploads\/AFF-TQ-730x1024.jpg 730w, https:\/\/www.aerodrome-paray.fr\/blog\/wp-content\/uploads\/AFF-TQ-214x300.jpg 214w, https:\/\/www.aerodrome-paray.fr\/blog\/wp-content\/uploads\/AFF-TQ-768x1077.jpg 768w, https:\/\/www.aerodrome-paray.fr\/blog\/wp-content\/uploads\/AFF-TQ-836x1173.jpg 836w, https:\/\/www.aerodrome-paray.fr\/blog\/wp-content\/uploads\/AFF-TQ.jpg 1080w\" sizes=\"(max-width: 730px) 100vw, 730px\" \/>\t\t\t\t\t\t\t\t\t\t\t\t\t\t\t<\/div>\n\t\t\t\t<\/div>\n\t\t\t\t\t<\/div>\n\t\t<\/div>\n\t\t\t\t<div class=\"elementor-column elementor-col-50 elementor-top-column elementor-element elementor-element-98f9294\" data-id=\"98f9294\" data-element_type=\"column\" data-e-type=\"column\">\n\t\t\t<div class=\"elementor-widget-wrap elementor-element-populated\">\n\t\t\t\t\t\t<div class=\"elementor-element elementor-element-a8af781 elementor-widget-tablet__width-initial elementor-widget elementor-widget-text-editor\" data-id=\"a8af781\" data-element_type=\"widget\" data-e-type=\"widget\" data-widget_type=\"text-editor.default\">\n\t\t\t\t<div class=\"elementor-widget-container\">\n\t\t\t\t\t\t\t\t\t<p><b>\u00a0 \u00a0 \u00a0 \u00a0 \u00a0 \u00a0 \u00a0 <span style=\"color: #ff0000;\">\u00a022\u00b0 EDITION en 2026<\/span><\/b><\/p><p>La date approche et les inscriptions sont en cours. Une ann\u00e9e exceptionnelle est attendue&#8230;<\/p><p>Compte tenu de l&rsquo;ampleur atteinte par l&rsquo;\u00e9v\u00e9nement, nous avons mis en place un site qui lui est enti\u00e8rement d\u00e9di\u00e9.<\/p><p>Vous trouverez sur ce site toutes les informations utiles et les formulaires d&rsquo;inscription.<\/p><p>\u00a0<\/p>\t\t\t\t\t\t\t\t<\/div>\n\t\t\t\t<\/div>\n\t\t\t\t\t<\/div>\n\t\t<\/div>\n\t\t\t\t\t<\/div>\n\t\t<\/section>\n\t\t\t\t<section class=\"elementor-section elementor-top-section elementor-element elementor-element-2f4144c elementor-section-boxed elementor-section-height-default elementor-section-height-default\" data-id=\"2f4144c\" data-element_type=\"section\" data-e-type=\"section\">\n\t\t\t\t\t\t<div class=\"elementor-container elementor-column-gap-default\">\n\t\t\t\t\t<div class=\"elementor-column elementor-col-50 elementor-top-column elementor-element elementor-element-9c9108e\" data-id=\"9c9108e\" data-element_type=\"column\" data-e-type=\"column\">\n\t\t\t<div class=\"elementor-widget-wrap elementor-element-populated\">\n\t\t\t\t\t\t<div class=\"elementor-element elementor-element-2546a0c elementor-widget elementor-widget-image\" data-id=\"2546a0c\" data-element_type=\"widget\" data-e-type=\"widget\" data-widget_type=\"image.default\">\n\t\t\t\t<div class=\"elementor-widget-container\">\n\t\t\t\t\t\t\t\t\t\t\t\t\t\t\t<img decoding=\"async\" width=\"836\" height=\"558\" src=\"https:\/\/www.aerodrome-paray.fr\/blog\/wp-content\/uploads\/2206-B-JTQ-E-19-1024x683.jpeg\" class=\"attachment-large size-large wp-image-6230\" alt=\"\" srcset=\"https:\/\/www.aerodrome-paray.fr\/blog\/wp-content\/uploads\/2206-B-JTQ-E-19-1024x683.jpeg 1024w, https:\/\/www.aerodrome-paray.fr\/blog\/wp-content\/uploads\/2206-B-JTQ-E-19-300x200.jpeg 300w, https:\/\/www.aerodrome-paray.fr\/blog\/wp-content\/uploads\/2206-B-JTQ-E-19-768x512.jpeg 768w, https:\/\/www.aerodrome-paray.fr\/blog\/wp-content\/uploads\/2206-B-JTQ-E-19-1536x1024.jpeg 1536w, https:\/\/www.aerodrome-paray.fr\/blog\/wp-content\/uploads\/2206-B-JTQ-E-19-2048x1365.jpeg 2048w, https:\/\/www.aerodrome-paray.fr\/blog\/wp-content\/uploads\/2206-B-JTQ-E-19-836x557.jpeg 836w\" sizes=\"(max-width: 836px) 100vw, 836px\" \/>\t\t\t\t\t\t\t\t\t\t\t\t\t\t\t<\/div>\n\t\t\t\t<\/div>\n\t\t\t\t\t<\/div>\n\t\t<\/div>\n\t\t\t\t<div class=\"elementor-column elementor-col-50 elementor-top-column elementor-element elementor-element-c53df9c\" data-id=\"c53df9c\" data-element_type=\"column\" data-e-type=\"column\">\n\t\t\t<div class=\"elementor-widget-wrap elementor-element-populated\">\n\t\t\t\t\t\t<div class=\"elementor-element elementor-element-5f59ab7 elementor-widget elementor-widget-image\" data-id=\"5f59ab7\" data-element_type=\"widget\" data-e-type=\"widget\" data-widget_type=\"image.default\">\n\t\t\t\t<div class=\"elementor-widget-container\">\n\t\t\t\t\t\t\t\t\t\t\t\t\t\t\t<img decoding=\"async\" width=\"836\" height=\"558\" src=\"https:\/\/www.aerodrome-paray.fr\/blog\/wp-content\/uploads\/2206-B-JTQ-E-16-1024x683.jpeg\" class=\"attachment-large size-large wp-image-6233\" alt=\"\" srcset=\"https:\/\/www.aerodrome-paray.fr\/blog\/wp-content\/uploads\/2206-B-JTQ-E-16-1024x683.jpeg 1024w, https:\/\/www.aerodrome-paray.fr\/blog\/wp-content\/uploads\/2206-B-JTQ-E-16-300x200.jpeg 300w, https:\/\/www.aerodrome-paray.fr\/blog\/wp-content\/uploads\/2206-B-JTQ-E-16-768x512.jpeg 768w, https:\/\/www.aerodrome-paray.fr\/blog\/wp-content\/uploads\/2206-B-JTQ-E-16-1536x1024.jpeg 1536w, https:\/\/www.aerodrome-paray.fr\/blog\/wp-content\/uploads\/2206-B-JTQ-E-16-2048x1365.jpeg 2048w, https:\/\/www.aerodrome-paray.fr\/blog\/wp-content\/uploads\/2206-B-JTQ-E-16-836x557.jpeg 836w\" sizes=\"(max-width: 836px) 100vw, 836px\" \/>\t\t\t\t\t\t\t\t\t\t\t\t\t\t\t<\/div>\n\t\t\t\t<\/div>\n\t\t\t\t\t<\/div>\n\t\t<\/div>\n\t\t\t\t\t<\/div>\n\t\t<\/section>\n\t\t\t\t<section class=\"elementor-section elementor-top-section elementor-element elementor-element-bda921a elementor-section-content-middle elementor-section-boxed elementor-section-height-default elementor-section-height-default\" data-id=\"bda921a\" data-element_type=\"section\" data-e-type=\"section\">\n\t\t\t\t\t\t<div class=\"elementor-container elementor-column-gap-default\">\n\t\t\t\t\t<div class=\"elementor-column elementor-col-50 elementor-top-column elementor-element elementor-element-382f6dc\" data-id=\"382f6dc\" data-element_type=\"column\" data-e-type=\"column\">\n\t\t\t<div class=\"elementor-widget-wrap elementor-element-populated\">\n\t\t\t\t\t\t<div class=\"elementor-element elementor-element-8a38d60 elementor-widget__width-initial elementor-widget elementor-widget-text-editor\" data-id=\"8a38d60\" data-element_type=\"widget\" data-e-type=\"widget\" data-widget_type=\"text-editor.default\">\n\t\t\t\t<div class=\"elementor-widget-container\">\n\t\t\t\t\t\t\t\t\t<p style=\"text-align: center;\"><strong><span style=\"color: #993366; font-size: 14pt;\">\u00a0<\/span><\/strong><\/p><p style=\"text-align: center;\"><strong><span style=\"color: #993366; font-size: 14pt;\">INSCRIPTIONS PILOTES ET SPOTTERS<br \/>INFORMATIONS<\/span><\/strong><\/p><p style=\"text-align: left;\">\u00a0<\/p>\t\t\t\t\t\t\t\t<\/div>\n\t\t\t\t<\/div>\n\t\t\t\t\t<\/div>\n\t\t<\/div>\n\t\t\t\t<div class=\"elementor-column elementor-col-50 elementor-top-column elementor-element elementor-element-d5c06de\" data-id=\"d5c06de\" data-element_type=\"column\" data-e-type=\"column\">\n\t\t\t<div class=\"elementor-widget-wrap elementor-element-populated\">\n\t\t\t\t\t\t<div class=\"elementor-element elementor-element-616e1bb elementor-widget__width-initial elementor-widget elementor-widget-button\" data-id=\"616e1bb\" data-element_type=\"widget\" data-e-type=\"widget\" data-widget_type=\"button.default\">\n\t\t\t\t<div class=\"elementor-widget-container\">\n\t\t\t\t\t\t\t\t\t<div class=\"elementor-button-wrapper\">\n\t\t\t\t\t<a class=\"elementor-button elementor-button-link elementor-size-sm\" href=\"https:\/\/trainequeue.com\/\">\n\t\t\t\t\t\t<span class=\"elementor-button-content-wrapper\">\n\t\t\t\t\t\t\t\t\t<span class=\"elementor-button-text\">Cliquez ici<\/span>\n\t\t\t\t\t<\/span>\n\t\t\t\t\t<\/a>\n\t\t\t\t<\/div>\n\t\t\t\t\t\t\t\t<\/div>\n\t\t\t\t<\/div>\n\t\t\t\t\t<\/div>\n\t\t<\/div>\n\t\t\t\t\t<\/div>\n\t\t<\/section>\n\t\t\t\t<section class=\"elementor-section elementor-top-section elementor-element elementor-element-356d0e0 elementor-section-boxed elementor-section-height-default elementor-section-height-default\" data-id=\"356d0e0\" data-element_type=\"section\" data-e-type=\"section\">\n\t\t\t\t\t\t<div class=\"elementor-container elementor-column-gap-default\">\n\t\t\t\t\t<div class=\"elementor-column elementor-col-100 elementor-top-column elementor-element elementor-element-2370ef3\" data-id=\"2370ef3\" data-element_type=\"column\" data-e-type=\"column\">\n\t\t\t<div class=\"elementor-widget-wrap elementor-element-populated\">\n\t\t\t\t\t\t<div class=\"elementor-element elementor-element-d4beebc elementor-widget elementor-widget-spacer\" data-id=\"d4beebc\" data-element_type=\"widget\" data-e-type=\"widget\" data-widget_type=\"spacer.default\">\n\t\t\t\t<div class=\"elementor-widget-container\">\n\t\t\t\t\t\t\t<div class=\"elementor-spacer\">\n\t\t\t<div class=\"elementor-spacer-inner\"><\/div>\n\t\t<\/div>\n\t\t\t\t\t\t<\/div>\n\t\t\t\t<\/div>\n\t\t\t\t\t<\/div>\n\t\t<\/div>\n\t\t\t\t\t<\/div>\n\t\t<\/section>\n\t\t\t\t<section class=\"elementor-section elementor-top-section elementor-element elementor-element-fc4aabc elementor-section-boxed elementor-section-height-default elementor-section-height-default\" data-id=\"fc4aabc\" data-element_type=\"section\" data-e-type=\"section\">\n\t\t\t\t\t\t<div class=\"elementor-container elementor-column-gap-default\">\n\t\t\t\t\t<div class=\"elementor-column elementor-col-100 elementor-top-column elementor-element elementor-element-25a391e\" data-id=\"25a391e\" data-element_type=\"column\" data-e-type=\"column\">\n\t\t\t<div class=\"elementor-widget-wrap elementor-element-populated\">\n\t\t\t\t\t\t<div class=\"elementor-element elementor-element-5d52ce4 elementor-widget elementor-widget-text-editor\" data-id=\"5d52ce4\" data-element_type=\"widget\" data-e-type=\"widget\" data-widget_type=\"text-editor.default\">\n\t\t\t\t<div class=\"elementor-widget-container\">\n\t\t\t\t\t\t\t\t\t<p style=\"text-align: center;\"><strong><span style=\"color: #993366; font-size: 14pt;\">INSCRIPTIONS PILOTES ET SPOTTERS<br \/>INFORMATIONS<\/span><\/strong><\/p><p style=\"text-align: center;\"><strong><span style=\"color: #993366; font-size: 14pt;\">\u00a0<\/span><\/strong><\/p><p style=\"text-align: center;\"><strong><span style=\"color: #993366; font-size: 14pt;\">\u00a0<\/span><\/strong><\/p><p style=\"text-align: center;\"><strong><span style=\"color: #993366; font-size: 14pt;\">\u00a0<\/span><\/strong><\/p><p style=\"text-align: left;\">\u00a0<\/p>\t\t\t\t\t\t\t\t<\/div>\n\t\t\t\t<\/div>\n\t\t\t\t\t<\/div>\n\t\t<\/div>\n\t\t\t\t\t<\/div>\n\t\t<\/section>\n\t\t\t\t<\/div>\n\t\t","protected":false},"excerpt":{"rendered":"<p>\u00a0 \u00a0 \u00a0 \u00a0 \u00a0 \u00a0 \u00a0 \u00a022\u00b0 EDITION en 2026 La date approche et les inscriptions sont en cours. Une ann\u00e9e exceptionnelle est attendue&#8230; Compte tenu de l&rsquo;ampleur atteinte par l&rsquo;\u00e9v\u00e9nement, nous avons mis en place un site qui lui est enti\u00e8rement d\u00e9di\u00e9. Vous trouverez sur ce site toutes les informations utiles et les &hellip; <\/p>\n<p><a class=\"more-link btn\" href=\"https:\/\/www.aerodrome-paray.fr\/blog\/traine-queue-2024\/\">Lire la suite<\/a><\/p>\n","protected":false},"author":2,"featured_media":0,"parent":0,"menu_order":0,"comment_status":"closed","ping_status":"closed","template":"","meta":{"_monsterinsights_skip_tracking":false,"_monsterinsights_sitenote_active":false,"_monsterinsights_sitenote_note":"","_monsterinsights_sitenote_category":0,"footnotes":""},"class_list":["post-6715","page","type-page","status-publish","hentry","nodate","item-wrap"],"yoast_head":"<!-- This site is optimized with the Yoast SEO plugin v27.5 - https:\/\/yoast.com\/product\/yoast-seo-wordpress\/ -->\n<title>Tra\u00eene-Queue 2026 - Aeroclub Charolais<\/title>\n<meta name=\"robots\" content=\"index, follow, max-snippet:-1, max-image-preview:large, max-video-preview:-1\" \/>\n<link rel=\"canonical\" href=\"https:\/\/www.aerodrome-paray.fr\/blog\/traine-queue-2024\/\" \/>\n<meta property=\"og:locale\" content=\"fr_FR\" \/>\n<meta property=\"og:type\" content=\"article\" \/>\n<meta property=\"og:title\" content=\"Tra\u00eene-Queue 2026 - Aeroclub Charolais\" \/>\n<meta property=\"og:description\" content=\"\u00a0 \u00a0 \u00a0 \u00a0 \u00a0 \u00a0 \u00a0 \u00a022\u00b0 EDITION en 2026 La date approche et les inscriptions sont en cours. Une ann\u00e9e exceptionnelle est attendue&#8230; Compte tenu de l&rsquo;ampleur atteinte par l&rsquo;\u00e9v\u00e9nement, nous avons mis en place un site qui lui est enti\u00e8rement d\u00e9di\u00e9. Vous trouverez sur ce site toutes les informations utiles et les &hellip; Lire la suite\" \/>\n<meta property=\"og:url\" content=\"https:\/\/www.aerodrome-paray.fr\/blog\/traine-queue-2024\/\" \/>\n<meta property=\"og:site_name\" content=\"Aeroclub Charolais\" \/>\n<meta property=\"article:modified_time\" content=\"2026-04-23T14:11:47+00:00\" \/>\n<meta property=\"og:image\" content=\"https:\/\/www.aerodrome-paray.fr\/blog\/wp-content\/uploads\/AFF-TQ.jpg\" \/>\n\t<meta property=\"og:image:width\" content=\"1080\" \/>\n\t<meta property=\"og:image:height\" content=\"1515\" \/>\n\t<meta property=\"og:image:type\" content=\"image\/jpeg\" \/>\n<meta name=\"twitter:card\" content=\"summary_large_image\" \/>\n<meta name=\"twitter:label1\" content=\"Dur\u00e9e de lecture estim\u00e9e\" \/>\n\t<meta name=\"twitter:data1\" content=\"1 minute\" \/>\n<script type=\"application\/ld+json\" class=\"yoast-schema-graph\">{\"@context\":\"https:\\\/\\\/schema.org\",\"@graph\":[{\"@type\":\"WebPage\",\"@id\":\"https:\\\/\\\/www.aerodrome-paray.fr\\\/blog\\\/traine-queue-2024\\\/\",\"url\":\"https:\\\/\\\/www.aerodrome-paray.fr\\\/blog\\\/traine-queue-2024\\\/\",\"name\":\"Tra\u00eene-Queue 2026 - Aeroclub Charolais\",\"isPartOf\":{\"@id\":\"https:\\\/\\\/www.aerodrome-paray.fr\\\/blog\\\/#website\"},\"primaryImageOfPage\":{\"@id\":\"https:\\\/\\\/www.aerodrome-paray.fr\\\/blog\\\/traine-queue-2024\\\/#primaryimage\"},\"image\":{\"@id\":\"https:\\\/\\\/www.aerodrome-paray.fr\\\/blog\\\/traine-queue-2024\\\/#primaryimage\"},\"thumbnailUrl\":\"https:\\\/\\\/www.aerodrome-paray.fr\\\/blog\\\/wp-content\\\/uploads\\\/AFF-TQ-730x1024.jpg\",\"datePublished\":\"2024-02-09T09:42:29+00:00\",\"dateModified\":\"2026-04-23T14:11:47+00:00\",\"breadcrumb\":{\"@id\":\"https:\\\/\\\/www.aerodrome-paray.fr\\\/blog\\\/traine-queue-2024\\\/#breadcrumb\"},\"inLanguage\":\"fr-FR\",\"potentialAction\":[{\"@type\":\"ReadAction\",\"target\":[\"https:\\\/\\\/www.aerodrome-paray.fr\\\/blog\\\/traine-queue-2024\\\/\"]}]},{\"@type\":\"ImageObject\",\"inLanguage\":\"fr-FR\",\"@id\":\"https:\\\/\\\/www.aerodrome-paray.fr\\\/blog\\\/traine-queue-2024\\\/#primaryimage\",\"url\":\"https:\\\/\\\/www.aerodrome-paray.fr\\\/blog\\\/wp-content\\\/uploads\\\/AFF-TQ.jpg\",\"contentUrl\":\"https:\\\/\\\/www.aerodrome-paray.fr\\\/blog\\\/wp-content\\\/uploads\\\/AFF-TQ.jpg\",\"width\":1080,\"height\":1515},{\"@type\":\"BreadcrumbList\",\"@id\":\"https:\\\/\\\/www.aerodrome-paray.fr\\\/blog\\\/traine-queue-2024\\\/#breadcrumb\",\"itemListElement\":[{\"@type\":\"ListItem\",\"position\":1,\"name\":\"Accueil\",\"item\":\"https:\\\/\\\/www.aerodrome-paray.fr\\\/blog\\\/\"},{\"@type\":\"ListItem\",\"position\":2,\"name\":\"Tra\u00eene-Queue 2026\"}]},{\"@type\":\"WebSite\",\"@id\":\"https:\\\/\\\/www.aerodrome-paray.fr\\\/blog\\\/#website\",\"url\":\"https:\\\/\\\/www.aerodrome-paray.fr\\\/blog\\\/\",\"name\":\"Aeroclub Charolais\",\"description\":\"\",\"potentialAction\":[{\"@type\":\"SearchAction\",\"target\":{\"@type\":\"EntryPoint\",\"urlTemplate\":\"https:\\\/\\\/www.aerodrome-paray.fr\\\/blog\\\/?s={search_term_string}\"},\"query-input\":{\"@type\":\"PropertyValueSpecification\",\"valueRequired\":true,\"valueName\":\"search_term_string\"}}],\"inLanguage\":\"fr-FR\"}]}<\/script>\n<!-- \/ Yoast SEO plugin. -->","yoast_head_json":{"title":"Tra\u00eene-Queue 2026 - Aeroclub Charolais","robots":{"index":"index","follow":"follow","max-snippet":"max-snippet:-1","max-image-preview":"max-image-preview:large","max-video-preview":"max-video-preview:-1"},"canonical":"https:\/\/www.aerodrome-paray.fr\/blog\/traine-queue-2024\/","og_locale":"fr_FR","og_type":"article","og_title":"Tra\u00eene-Queue 2026 - Aeroclub Charolais","og_description":"\u00a0 \u00a0 \u00a0 \u00a0 \u00a0 \u00a0 \u00a0 \u00a022\u00b0 EDITION en 2026 La date approche et les inscriptions sont en cours. Une ann\u00e9e exceptionnelle est attendue&#8230; Compte tenu de l&rsquo;ampleur atteinte par l&rsquo;\u00e9v\u00e9nement, nous avons mis en place un site qui lui est enti\u00e8rement d\u00e9di\u00e9. Vous trouverez sur ce site toutes les informations utiles et les &hellip; Lire la suite","og_url":"https:\/\/www.aerodrome-paray.fr\/blog\/traine-queue-2024\/","og_site_name":"Aeroclub Charolais","article_modified_time":"2026-04-23T14:11:47+00:00","og_image":[{"width":1080,"height":1515,"url":"https:\/\/www.aerodrome-paray.fr\/blog\/wp-content\/uploads\/AFF-TQ.jpg","type":"image\/jpeg"}],"twitter_card":"summary_large_image","twitter_misc":{"Dur\u00e9e de lecture estim\u00e9e":"1 minute"},"schema":{"@context":"https:\/\/schema.org","@graph":[{"@type":"WebPage","@id":"https:\/\/www.aerodrome-paray.fr\/blog\/traine-queue-2024\/","url":"https:\/\/www.aerodrome-paray.fr\/blog\/traine-queue-2024\/","name":"Tra\u00eene-Queue 2026 - Aeroclub Charolais","isPartOf":{"@id":"https:\/\/www.aerodrome-paray.fr\/blog\/#website"},"primaryImageOfPage":{"@id":"https:\/\/www.aerodrome-paray.fr\/blog\/traine-queue-2024\/#primaryimage"},"image":{"@id":"https:\/\/www.aerodrome-paray.fr\/blog\/traine-queue-2024\/#primaryimage"},"thumbnailUrl":"https:\/\/www.aerodrome-paray.fr\/blog\/wp-content\/uploads\/AFF-TQ-730x1024.jpg","datePublished":"2024-02-09T09:42:29+00:00","dateModified":"2026-04-23T14:11:47+00:00","breadcrumb":{"@id":"https:\/\/www.aerodrome-paray.fr\/blog\/traine-queue-2024\/#breadcrumb"},"inLanguage":"fr-FR","potentialAction":[{"@type":"ReadAction","target":["https:\/\/www.aerodrome-paray.fr\/blog\/traine-queue-2024\/"]}]},{"@type":"ImageObject","inLanguage":"fr-FR","@id":"https:\/\/www.aerodrome-paray.fr\/blog\/traine-queue-2024\/#primaryimage","url":"https:\/\/www.aerodrome-paray.fr\/blog\/wp-content\/uploads\/AFF-TQ.jpg","contentUrl":"https:\/\/www.aerodrome-paray.fr\/blog\/wp-content\/uploads\/AFF-TQ.jpg","width":1080,"height":1515},{"@type":"BreadcrumbList","@id":"https:\/\/www.aerodrome-paray.fr\/blog\/traine-queue-2024\/#breadcrumb","itemListElement":[{"@type":"ListItem","position":1,"name":"Accueil","item":"https:\/\/www.aerodrome-paray.fr\/blog\/"},{"@type":"ListItem","position":2,"name":"Tra\u00eene-Queue 2026"}]},{"@type":"WebSite","@id":"https:\/\/www.aerodrome-paray.fr\/blog\/#website","url":"https:\/\/www.aerodrome-paray.fr\/blog\/","name":"Aeroclub Charolais","description":"","potentialAction":[{"@type":"SearchAction","target":{"@type":"EntryPoint","urlTemplate":"https:\/\/www.aerodrome-paray.fr\/blog\/?s={search_term_string}"},"query-input":{"@type":"PropertyValueSpecification","valueRequired":true,"valueName":"search_term_string"}}],"inLanguage":"fr-FR"}]}},"_links":{"self":[{"href":"https:\/\/www.aerodrome-paray.fr\/blog\/wp-json\/wp\/v2\/pages\/6715","targetHints":{"allow":["GET"]}}],"collection":[{"href":"https:\/\/www.aerodrome-paray.fr\/blog\/wp-json\/wp\/v2\/pages"}],"about":[{"href":"https:\/\/www.aerodrome-paray.fr\/blog\/wp-json\/wp\/v2\/types\/page"}],"author":[{"embeddable":true,"href":"https:\/\/www.aerodrome-paray.fr\/blog\/wp-json\/wp\/v2\/users\/2"}],"replies":[{"embeddable":true,"href":"https:\/\/www.aerodrome-paray.fr\/blog\/wp-json\/wp\/v2\/comments?post=6715"}],"version-history":[{"count":9,"href":"https:\/\/www.aerodrome-paray.fr\/blog\/wp-json\/wp\/v2\/pages\/6715\/revisions"}],"predecessor-version":[{"id":7873,"href":"https:\/\/www.aerodrome-paray.fr\/blog\/wp-json\/wp\/v2\/pages\/6715\/revisions\/7873"}],"wp:attachment":[{"href":"https:\/\/www.aerodrome-paray.fr\/blog\/wp-json\/wp\/v2\/media?parent=6715"}],"curies":[{"name":"wp","href":"https:\/\/api.w.org\/{rel}","templated":true}]}}